{"id":926,"date":"2019-11-19T12:48:36","date_gmt":"2019-11-19T15:48:36","guid":{"rendered":"https:\/\/ifspp6-sgo.infd.edu.ar\/sitio\/?page_id=926"},"modified":"2019-11-20T11:47:59","modified_gmt":"2019-11-20T14:47:59","slug":"taller-inicial-2020-cartillas","status":"publish","type":"page","link":"https:\/\/ifspp6-sgo.infd.edu.ar\/sitio\/taller-inicial-2020-cartillas\/","title":{"rendered":"Taller Inicial 2020-Cartillas"},"content":{"rendered":"<p>Cartillla Para el Ingreso 2020<\/p>\n<p>Tecnicatura Superior en Enfermer\u00eda<\/p>\n<p><a href=\"https:\/\/ifspp6-sgo.infd.edu.ar\/sitio\/wp-content\/uploads\/2019\/11\/Ap.-Cardiovascular-Cursillo-de-ingreso-Enfermeria.pdf\">Ap. Cardiovascular-Cursillo de ingreso-Enfermeria<\/a><\/p>\n<p><a href=\"https:\/\/ifspp6-sgo.infd.edu.ar\/sitio\/wp-content\/uploads\/2019\/11\/taller-propedeutico-Enfermeria-2.pdf\">taller propedeutico-Enfermeria<\/a><\/p>\n<p><a href=\"https:\/\/ifspp6-sgo.infd.edu.ar\/sitio\/wp-content\/uploads\/2019\/11\/INSTITUTO-SUPERIOR-PROFESORADO-PROVINCIAL-N\u00ba-6-123-Enfermeria.pdf\">INSTITUTO SUPERIOR PROFESORADO PROVINCIAL N\u00ba 6 -123-<\/a><\/p>\n<p><a href=\"https:\/\/ifspp6-sgo.infd.edu.ar\/sitio\/wp-content\/uploads\/2019\/11\/INSTITUTO-SUPERIOR-PROFESORADO-PROVINCIAL-N\u00ba-6-123-Enfermeria.pdf\">Enfermeria<\/a><a href=\"https:\/\/ifspp6-sgo.infd.edu.ar\/sitio\/wp-content\/uploads\/2019\/11\/Presion-Arterial-y-Pulso-Cursillo-de-ingreso-2-Enfermeria.pdf\">Presion Arterial y Pulso-Cursillo de ingreso 2-Enfermeria<\/a><\/p>\n<p><a href=\"https:\/\/ifspp6-sgo.infd.edu.ar\/sitio\/wp-content\/uploads\/2019\/11\/CARTILLA-FISICA-ISPP-6.pdf\">CARTILLA FISICA ISPP 6\u00a0 (Valida 2020)\u00a0<\/a><\/p>\n<p><a href=\"https:\/\/ifspp6-sgo.infd.edu.ar\/sitio\/wp-content\/uploads\/2019\/11\/CARTILLA-FISICA-ISPP-6.pdf\">*Profesorado Para La Educaci\u00f3n Secundaria en F\u00edsica.<\/a><\/p>\n<p><a href=\"https:\/\/drive.google.com\/file\/d\/1ZZWvN0moqM6MV3J6keMum8FC2VhGXvZp\/view?usp=sharing\">Cartilla De Matem\u00e1tica\u00a0\u00a0\u00a0<\/a><\/p>\n<p><a href=\"https:\/\/drive.google.com\/file\/d\/1ZZWvN0moqM6MV3J6keMum8FC2VhGXvZp\/view?usp=sharing\">*Profesorado Para La Educaci\u00f3n Secundaria en Matem\u00e1tica.<\/a><\/p>\n<p>&nbsp;<\/p>\n<p>&nbsp;<\/p>\n<p>&nbsp;<\/p>\n","protected":false},"excerpt":{"rendered":"<p>Cartillla Para el Ingreso 2020 Tecnicatura Superior en Enfermer\u00eda Ap. Cardiovascular-Cursillo de ingreso-Enfermeria taller propedeutico-Enfermeria INSTITUTO SUPERIOR PROFESORADO PROVINCIAL N\u00ba 6 -123- EnfermeriaPresion Arterial y Pulso-Cursillo de ingreso 2-Enfermeria CARTILLA FISICA ISPP 6\u00a0 (Valida 2020)\u00a0 *Profesorado Para La Educaci\u00f3n Secundaria en F\u00edsica. Cartilla De Matem\u00e1tica\u00a0\u00a0\u00a0 *Profesorado Para La Educaci\u00f3n Secundaria en Matem\u00e1tica. &nbsp; &nbsp; &nbsp;<\/p>\n","protected":false},"author":310,"featured_media":0,"parent":0,"menu_order":0,"comment_status":"closed","ping_status":"closed","template":"","meta":[],"acf":[],"_links":{"self":[{"href":"https:\/\/ifspp6-sgo.infd.edu.ar\/sitio\/wp-json\/wp\/v2\/pages\/926"}],"collection":[{"href":"https:\/\/ifspp6-sgo.infd.edu.ar\/sitio\/wp-json\/wp\/v2\/pages"}],"about":[{"href":"https:\/\/ifspp6-sgo.infd.edu.ar\/sitio\/wp-json\/wp\/v2\/types\/page"}],"author":[{"embeddable":true,"href":"https:\/\/ifspp6-sgo.infd.edu.ar\/sitio\/wp-json\/wp\/v2\/users\/310"}],"replies":[{"embeddable":true,"href":"https:\/\/ifspp6-sgo.infd.edu.ar\/sitio\/wp-json\/wp\/v2\/comments?post=926"}],"version-history":[{"count":6,"href":"https:\/\/ifspp6-sgo.infd.edu.ar\/sitio\/wp-json\/wp\/v2\/pages\/926\/revisions"}],"predecessor-version":[{"id":951,"href":"https:\/\/ifspp6-sgo.infd.edu.ar\/sitio\/wp-json\/wp\/v2\/pages\/926\/revisions\/951"}],"wp:attachment":[{"href":"https:\/\/ifspp6-sgo.infd.edu.ar\/sitio\/wp-json\/wp\/v2\/media?parent=926"}],"curies":[{"name":"wp","href":"https:\/\/api.w.org\/{rel}","templated":true}]}}